{"id":1408,"date":"2024-04-20T19:17:19","date_gmt":"2024-04-20T19:17:19","guid":{"rendered":"https:\/\/pinupsfungrill.com\/?page_id=1408"},"modified":"2024-04-20T19:21:50","modified_gmt":"2024-04-20T19:21:50","slug":"aviso-de-privacidad","status":"publish","type":"page","link":"https:\/\/pinupsfungrill.com\/en\/aviso-de-privacidad\/","title":{"rendered":"Aviso de Privacidad"},"content":{"rendered":"<div data-elementor-type=\"wp-page\" data-elementor-id=\"1408\" class=\"elementor elementor-1408\" data-elementor-post-type=\"page\">\n\t\t\t\t<div data-particle_enable=\"false\" data-particle-mobile-disabled=\"false\" class=\"elementor-element elementor-element-3bb1bfe e-flex e-con-boxed e-con e-parent\" data-id=\"3bb1bfe\" data-element_type=\"container\" data-settings=\"{&quot;background_background&quot;:&quot;classic&quot;}\">\n\t\t\t\t\t<div class=\"e-con-inner\">\n\t\t\t\t\t<\/div>\n\t\t\t\t<\/div>\n\t\t<div data-particle_enable=\"false\" data-particle-mobile-disabled=\"false\" class=\"elementor-element elementor-element-20530c3 e-flex e-con-boxed e-con e-parent\" data-id=\"20530c3\" data-element_type=\"container\" data-settings=\"{&quot;background_background&quot;:&quot;classic&quot;}\">\n\t\t\t\t\t<div class=\"e-con-inner\">\n\t\t\t\t<div class=\"elementor-element elementor-element-392edc5 elementor-widget elementor-widget-heading\" data-id=\"392edc5\" data-element_type=\"widget\" data-widget_type=\"heading.default\">\n\t\t\t\t<div class=\"elementor-widget-container\">\n\t\t\t\t\t<h2 class=\"elementor-heading-title elementor-size-default\">Aviso de Privacidad<\/h2>\t\t\t\t<\/div>\n\t\t\t\t<\/div>\n\t\t\t\t<div class=\"elementor-element elementor-element-fd62ed0 elementor-widget elementor-widget-text-editor\" data-id=\"fd62ed0\" data-element_type=\"widget\" data-widget_type=\"text-editor.default\">\n\t\t\t\t<div class=\"elementor-widget-container\">\n\t\t\t\t\t\t\t\t\t<p><b>Pinup\u2019s Fun Grill<\/b> (de ahora en adelante, &#8220;Nosotros&#8221;) sabe que usted se toma en serio su privacidad. Nosotros tambi\u00e9n. Nos comprometemos a ofrecerle transparencia en nuestras pr\u00e1cticas de privacidad y control de sus datos relacionados con los Servicios de <b>Pinup\u2019s Fun Grill.<\/b><br \/><br \/>Esta Pol\u00edtica de privacidad cubre la forma en que <b>Pinup\u2019s Fun Grill<\/b> maneja la informaci\u00f3n de identificaci\u00f3n personal (&#8220;Informaci\u00f3n personal&#8221;) y otros datos que recoge <b>Pinup\u2019s Fun Grill<\/b> cuando accede a los Servicios de <b>Pinup\u2019s Fun Grill<\/b>. Usted puede controlar c\u00f3mo determinada informaci\u00f3n es utilizada y compartida a trav\u00e9s de nuestros Servicios como describimos a continuaci\u00f3n.<br \/><b><br \/>\u00bfCu\u00e1l es la informaci\u00f3n que recopila Pinup\u2019s Fun Grill?<\/b><br \/>Informaci\u00f3n personal que usted nos proporciona: nosotros recibimos y almacenamos la informaci\u00f3n que usted ingresa a nuestros Servicios o que nos proporciona de alguna otra manera. Los tipos de Informaci\u00f3n personal recopilada pueden incluir su nombre, direcci\u00f3n de email, n\u00famero de tel\u00e9fono, cumplea\u00f1os, nombres de usuario de Twitter y\/o Facebook y\/o Instagram y la ubicaci\u00f3n. Nosotros recibimos autom\u00e1ticamente su ubicaci\u00f3n cuando utiliza los Servicios. Utilizamos diversas tecnolog\u00edas para determinar la ubicaci\u00f3n, tales como los servicios de localizaci\u00f3n del sistema operativo o del navegador correspondiente y los datos del sensor de su dispositivo que podr\u00e1n, por ejemplo, proporcionar informaci\u00f3n sobre puntos de acceso Wi-Fi y torres celulares cercanas.<br \/><br \/>Ni\u00f1os menores de 13 a\u00f1os: los Servicios no est\u00e1n dirigidos a individuos que sean menores de 13 a\u00f1os de edad. La comunicaci\u00f3n ser\u00e1 dirigida a sus padres, quienes ser\u00e1n responsables de la informaci\u00f3n recibida y el uso que de ella reciban.<br \/><b><br \/>\u00bfMi informaci\u00f3n es compartida con alguien m\u00e1s?<br \/><\/b>La informaci\u00f3n sobre nuestros usuarios es una parte fundamental de nuestro negocio. Nosotros utilizamos la informaci\u00f3n para proporcionarle los Servicios de una forma coherente con la divulgaci\u00f3n en esta Pol\u00edtica de privacidad. Nosotros no alquilamos ni vendemos su informaci\u00f3n personal a nadie para su propio uso, aunque, como est\u00e1 completamente descrito en esta Pol\u00edtica de privacidad, incluso en la secci\u00f3n a continuaci\u00f3n (en &#8220;Informaci\u00f3n disponible p\u00fablicamente y Aplicaciones&#8221;), cierta informaci\u00f3n est\u00e1 a disposici\u00f3n de terceros, y podremos proporcionarla a terceros, bajo licencia o de otra forma.<br \/><br \/><b>Comunicaciones por email o Whatsapp<\/b><br \/>Cuando nos proporciona su direcci\u00f3n de email o tel\u00e9fono de Whatsapp, usted da su consentimiento expreso para recibir mensajes de nosotros, cuando la ley lo permita. Podemos utilizar su contacto para comunicarnos con usted, para enviarle informaci\u00f3n que haya solicitado o para enviarle informaci\u00f3n sobre otros productos o servicios desarrollados o proporcionados por nosotros o nuestros socios. Si no desea recibir emails comerciales u otro tipo de correo de nuestra parte, ind\u00edquenos su preferencia. Tenga en cuenta que si no desea recibir avisos legales de parte nuestra, como por ejemplo avisos relativos a esta Pol\u00edtica de privacidad, dichos avisos legales igualmente regir\u00e1n el uso de los Servicios y usted es responsable de revisar si se han hecho cambios en dichos avisos legales. <br \/>Mensajes de texto<br \/><br \/>Si usted nos proporciona su n\u00famero telef\u00f3nico y opta por incluirse, <b>Pinup\u2019s Fun Grill<\/b> o nuestro proveedor de servicios podr\u00eda enviarle mensajes de texto peri\u00f3dicamente a trav\u00e9s de un sistema autom\u00e1tico de marcado telef\u00f3nico. Estos pueden incluir mensajes de texto de mercadeo, as\u00ed como mensajes operativos sobre caracter\u00edsticas y actualizaciones de nuestros Servicios. <br \/><br \/><b>\u00bfQu\u00e9 sucede con las cookies y las tecnolog\u00edas similares?<\/b><br \/>Nosotros y nuestros agentes utilizamos tecnolog\u00edas como cookies, p\u00edxeles y almacenamiento local (como en su navegador o dispositivo, que es similar a una cookie, pero contiene m\u00e1s informaci\u00f3n) e identificadores (lo cual incluye a los identificadores proporcionados por su navegador o dispositivo, o las compa\u00f1\u00edas de plataformas de aplicaciones) en nuestro sitio web, en nuestros emails, en nuestras aplicaciones, y a trav\u00e9s de aplicaciones de terceros que utilizan nuestra API o SDK para ofrecerle una serie de productos y servicios. Puede controlar las cookies a trav\u00e9s de la configuraci\u00f3n del navegador y otras herramientas. Nosotros podremos trabajar con anunciantes u otros socios y proveedores de servicios publicitarios que publiquen anuncios para usted en nuestros Servicios, o en una aplicaci\u00f3n o sitio web de terceros que pueda ser relevante para usted con base en sus intereses inferidos, su interacci\u00f3n con nuestros Servicios o su ubicaci\u00f3n.<br \/><br \/><b>\u00bfEst\u00e1 segura mi informaci\u00f3n personal?<\/b><br \/><b>Pinup\u2019s Fun Grill<\/b> se esfuerza por proteger la informaci\u00f3n del usuario para asegurarse de que la informaci\u00f3n de la cuenta del usuario se mantenga privada.<br \/><br \/><b>\u00bfHabr\u00e1 cambios en esta Pol\u00edtica de privacidad?<\/b><br \/><b>Pinup\u2019s Fun Grill<\/b> podr\u00e1 modificar esta Pol\u00edtica de privacidad peri\u00f3dicamente. El uso de la informaci\u00f3n que recogemos ahora est\u00e1 sujeto a la Pol\u00edtica de privacidad en vigor en el momento de utilizar esa informaci\u00f3n. Si hacemos cambios sustanciales en la forma en que usamos la informaci\u00f3n personal, te lo notificaremos publicando un aviso en nuestros Servicios o envi\u00e1ndote un email. Los usuarios quedan obligados por los cambios en la Pol\u00edtica de privacidad al usar los Servicios despu\u00e9s de que dichos cambios hayan sido publicados.<br \/><br \/><b>\u00bfQu\u00e9 pasa si tengo preguntas o inquietudes?<\/b><br \/>Si tienes preguntas o inquietudes respecto de la privacidad al utilizar el Servicio, env\u00edanos un mensaje detallado a: <a href=\"mailto:pinupsfungrill@gmail.com\"><b><i>pinupsfungrill@gmail.com<\/i><\/b><\/a> Haremos todo lo posible para resolver tus inquietudes.<\/p><p>\u00a0<\/p><p>Ultima actualizaci\u00f3n: 20 de Abril del 2024<\/p>\t\t\t\t\t\t\t\t<\/div>\n\t\t\t\t<\/div>\n\t\t\t\t\t<\/div>\n\t\t\t\t<\/div>\n\t\t\t\t<\/div>","protected":false},"excerpt":{"rendered":"<p>Aviso de Privacidad Pinup\u2019s Fun Grill (de ahora en adelante, &#8220;Nosotros&#8221;) sabe que usted se toma en serio su privacidad. [&hellip;]<\/p>\n","protected":false},"author":2,"featured_media":0,"parent":0,"menu_order":0,"comment_status":"closed","ping_status":"closed","template":"elementor_header_footer","meta":{"site-sidebar-layout":"no-sidebar","site-content-layout":"","ast-site-content-layout":"full-width-container","site-content-style":"default","site-sidebar-style":"default","ast-global-header-display":"","ast-banner-title-visibility":"","ast-main-header-display":"","ast-hfb-above-header-display":"","ast-hfb-below-header-display":"","ast-hfb-mobile-header-display":"","site-post-title":"disabled","ast-breadcrumbs-content":"","ast-featured-img":"disabled","footer-sml-layout":"","theme-transparent-header-meta":"","adv-header-id-meta":"","stick-header-meta":"","header-above-stick-meta":"","header-main-stick-meta":"","header-below-stick-meta":"","astra-migrate-meta-layouts":"default","ast-page-background-enabled":"default","ast-page-background-meta":{"desktop":{"background-color":"var(--ast-global-color-4)","background-image":"","background-repeat":"repeat","background-position":"center center","background-size":"auto","background-attachment":"scroll","background-type":"","background-media":"","overlay-type":"","overlay-color":"","overlay-opacity":"","overlay-gradient":""},"tablet":{"background-color":"","background-image":"","background-repeat":"repeat","background-position":"center center","background-size":"auto","background-attachment":"scroll","background-type":"","background-media":"","overlay-type":"","overlay-color":"","overlay-opacity":"","overlay-gradient":""},"mobile":{"background-color":"","background-image":"","background-repeat":"repeat","background-position":"center center","background-size":"auto","background-attachment":"scroll","background-type":"","background-media":"","overlay-type":"","overlay-color":"","overlay-opacity":"","overlay-gradient":""}},"ast-content-background-meta":{"desktop":{"background-color":"var(--ast-global-color-5)","background-image":"","background-repeat":"repeat","background-position":"center center","background-size":"auto","background-attachment":"scroll","background-type":"","background-media":"","overlay-type":"","overlay-color":"","overlay-opacity":"","overlay-gradient":""},"tablet":{"background-color":"var(--ast-global-color-5)","background-image":"","background-repeat":"repeat","background-position":"center center","background-size":"auto","background-attachment":"scroll","background-type":"","background-media":"","overlay-type":"","overlay-color":"","overlay-opacity":"","overlay-gradient":""},"mobile":{"background-color":"var(--ast-global-color-5)","background-image":"","background-repeat":"repeat","background-position":"center center","background-size":"auto","background-attachment":"scroll","background-type":"","background-media":"","overlay-type":"","overlay-color":"","overlay-opacity":"","overlay-gradient":""}},"_joinchat":[],"footnotes":""},"class_list":["post-1408","page","type-page","status-publish","hentry"],"_links":{"self":[{"href":"https:\/\/pinupsfungrill.com\/en\/wp-json\/wp\/v2\/pages\/1408","targetHints":{"allow":["GET"]}}],"collection":[{"href":"https:\/\/pinupsfungrill.com\/en\/wp-json\/wp\/v2\/pages"}],"about":[{"href":"https:\/\/pinupsfungrill.com\/en\/wp-json\/wp\/v2\/types\/page"}],"author":[{"embeddable":true,"href":"https:\/\/pinupsfungrill.com\/en\/wp-json\/wp\/v2\/users\/2"}],"replies":[{"embeddable":true,"href":"https:\/\/pinupsfungrill.com\/en\/wp-json\/wp\/v2\/comments?post=1408"}],"version-history":[{"count":0,"href":"https:\/\/pinupsfungrill.com\/en\/wp-json\/wp\/v2\/pages\/1408\/revisions"}],"wp:attachment":[{"href":"https:\/\/pinupsfungrill.com\/en\/wp-json\/wp\/v2\/media?parent=1408"}],"curies":[{"name":"wp","href":"https:\/\/api.w.org\/{rel}","templated":true}]}}